{"id":3,"date":"2022-03-17T10:51:13","date_gmt":"2022-03-17T10:51:13","guid":{"rendered":"http:\/\/festivalstandupkomedije.si\/?page_id=3"},"modified":"2025-05-05T11:43:25","modified_gmt":"2025-05-05T11:43:25","slug":"privacy-policy","status":"publish","type":"page","link":"https:\/\/festivalstandupkomedije.si\/?page_id=3","title":{"rendered":"Politika zasebnosti in pogoji poslovanja"},"content":{"rendered":"\n<p>Kdo smo?<br>Ceh za smeh d.o.o. je agencije za gledali\u0161ke, glasbene in sorodne dejavnosti, trgovino, gostinstvo in promet.<\/p>\n\n\n\n<p>Podjetje je registrirano na naslovu Muljava 1A, 1295 Ivan\u010dna Gorica. <\/p>\n\n\n\n<p>Ceh za smeh d.o.o. je upravljalec va\u0161ih osebnih podatkov. Kontaktirate nas lahko preko elektronske po\u0161te: <a href=\"mailto:tesky@cehzasmeh.si\">tesky@cehzasmeh.si<\/a> ali telefonske \u0161tevilke: 040 665 576.<\/p>\n\n\n\n<h3 class=\"wp-block-heading\">1. Namen tega dokumenta<\/h3>\n\n\n\n<p>1.1 V tem dokumentu bomo pojasnili, katere osebne podatke kupcev, dobaviteljev, poslovnih strank, obiskovalcev spletne strani in kandidatov za razpisano prosto delovno mesto hranimo, na kak\u0161en na\u010din zbiramo osebne podatke, kje jih shranjujemo, v katere namene jih uporabimo in kdaj ter zakaj jih izbri\u0161emo. V skladu s Splo\u0161no uredbo EU o varstvu podatkov (v nadaljevanju: GDPR) vas moramo o teh informacijah ustrezno obvestiti.<\/p>\n\n\n\n<p><br>1.2 Ceh za smeh d.o.o. pri zbiranju in uporabi osebnih podatkov deluje v skladu z na\u010deli GDPR.<br>Prosimo, preberite dokument o politiki zasebnosti, da boste razumeli pravila obdelave va\u0161ih osebnih podatkov.<\/p>\n\n\n\n<p><br>1.3 Politika zasebnosti vklju\u010duje vse izvajalce in podizvajalce postopka obdelave podatkov, ki jih Ceh za smeh d.o.o. uporablja za uspe\u0161no transakcijo nakupnega procesa in jih obve\u0161\u010da o svojih storitvah in ponudbah.<\/p>\n\n\n\n<h2 class=\"wp-block-heading\">2. Katere podatke zbiramo?<\/h2>\n\n\n\n<p><br>2.1 Osebne podatke ali informacije, ki se nana\u0161ajo na fizi\u010dno osebo, ki jo je mogo\u010de identificirati. Prav tako obdelujemo tudi posebne kategorije osebnih podatkov (ti. ob\u010dutljivi podatki), ki zahtevajo vi\u0161jo raven za\u0161\u010dite.<\/p>\n\n\n\n<p><br>2.1.1 Od kupcev bomo zbirali, hranili in uporabljali naslednje osebne podatke:<\/p>\n\n\n\n<p><br>2.1.1.1 Va\u0161e ime, priimek, naslov, telefonsko \u0161tevilko, osebni naslov elektronske po\u0161te in podatke o tem, ali ste stari 16 let ali ve\u010d. Te osebne podatke potrebujemo, da lahko transparentno izvedemo na\u0161o storitev, ki jo od nas pri\u010dakujete &#8211; npr. prodaja vstopnic, izku\u0161nje in obve\u0161\u010danje o novih zanimivih dogodkih. To nam pomaga, da prilagodimo na\u0161e storitve va\u0161im \u017eeljam in potrebam.<br><br>2.1.1.2 Ko obi\u0161\u010dete na\u0161o spletno stran&nbsp;festivalstandupkomedije.sii, Ceh za smeh d.o.o. hrani va\u0161 IP naslov, podatek o tem, kdaj ste obiskali na\u0161o spletno stran, katere dogodke ste si ogledali, kateri operacijski istem, napravo in brskalnik ste uporabljali. Ti podatki se zbirajo s pi\u0161kotki. <\/p>\n\n\n\n<p><br>2.1.2 Od na\u0161ih poslovnih partnerjev zbiramo, hranimo in obdelujemo minimalno koli\u010dino podatkov (ime, priimek, elektronsko po\u0161to in telefonsko \u0161tevilko), v namen, da bi izpolnili na\u0161e pogodbene obveznosti do partnerja za zakup sistema za prodajo vstopnic in vklju\u010ditev v sistem prodaje vstopnic.<\/p>\n\n\n\n<p><br>2.1.3 Od kandidata za iskalca zaposlitve zbiramo, hranimo in uporabljamo naslednje kategorije osebnih podatkov:<\/p>\n\n\n\n<p><br>2.1.3.1 Ime, priimek, telefonska \u0161tevilka, naslov elektronske po\u0161te, spol, datum rojstva, predhodne delovne izku\u0161nje, reference in druge podatke, ki jih kandidat prostovoljno poda v \u017eivljenjepisu. Navedeni podatki nam pomagajo skleniti pogodbeno razmerje s kandidatom.<\/p>\n\n\n\n<h2 class=\"wp-block-heading\">3. Posebne kategorije podatkov<\/h2>\n\n\n\n<p><br>Obdelujemo posebne kategorije osebnih podatkov v naslednjih okoli\u0161\u010dinah:<\/p>\n\n\n\n<p><br>3.1 Obdelujemo podatke o zdravju, vklju\u010dno z informacijami o invalidnosti, da bi lahko razumno prilagodili na\u0161e storitve, na primer, \u010de organizator ali lokacija dogodka zagotavlja ali bi morala zagotoviti posebne pogoje.<\/p>\n\n\n\n<p>3.2 Obdelujemo tudi podatke o ob\u010dutljivih skupinah ljudi, tj. otrok, da bi lahko razumno prilagodili na\u0161e storitve, na primer, \u010de organizator ali lokacija dogodka zagotavlja ali bi morala zagotoviti posebne pogoje.<\/p>\n\n\n\n<p><br>3.3 Posebne kategorije podatkov obdelujemo samo z va\u0161im izrecnim soglasjem, tj. ko kupujete vstopnice za posebne kategorije (osebe s posebnimi potrebami ali otroci).<\/p>\n\n\n\n<h2 class=\"wp-block-heading\">4. Kako zbiramo va\u0161e osebne podatke?<\/h2>\n\n\n\n<p><br>Va\u0161e osebne podatke zbiramo neposredno od vas ob prijavi na na\u0161i spletni strani, ko nas<br>kontaktirate glede na\u0161ih storitev ali kadar mi stopimo v stik z vami preko telefona, elektronske po\u0161te ali socialnih omre\u017eij.<\/p>\n\n\n\n<p><\/p>\n\n\n\n<h2 class=\"wp-block-heading\">5. Zakaj potrebujemo va\u0161e osebne podatke?<\/h2>\n\n\n\n<p><br>5.1 Va\u0161e osebne podatke bomo obdelali z namenom, da bi izpolnili na\u0161o pogodbeno obveznost do vas, tj. vam prodali vstopnice, ki jih \u017eelite kupiti. V ta namen bomo va\u0161e osebne podatke obdelali:<\/p>\n\n\n\n<p><br>5.1.1 za zagotavljanje na\u0161ih storitev vam. Na\u0161a storitev je zagotavljanje oz. prodaja \u017eelenih vstopnic, zara\u010dunavanje naro\u010dila in po\u0161iljanje vstopnic na va\u0161 naslov, elektronsko po\u0161to ali telefon.<\/p>\n\n\n\n<p><br>5.1.2 za obve\u0161\u010danje o vseh spremembah glede dogodka (sprememba kraja\/datuma, odpovedi).<\/p>\n\n\n\n<h2 class=\"wp-block-heading\">6. Kak\u0161ne so pravne podlage za uporabo va\u0161ih osebnih podatkov?<\/h2>\n\n\n\n<p><br>6.1 va\u0161e osebne podatke bomo uporabili le za izpolnitev pogodbenih obveznosti do vas, \u010de za to obstaja na\u0161 zakonit interes, tj. ko ste pristali na obdelavo podatkov, z vklju\u010ditvijo v na\u0161e storitve, ki jih zagotavljamo, in ko to zahteva zakon. Va\u0161e osebne podatke lahko obdelujemo dokler na\u0161e dejavnosti nesorazmerno ne kr\u0161ijo va\u0161e zasebnosti. Va\u0161i osebni podatki se obdelujejo:<\/p>\n\n\n\n<p><br>6.1.1 ko moramo izpolniti na\u0161e pogodbene obveznosti do vas \u2013 vam zagotoviti vstopnice in \u017eeljene informacije<\/p>\n\n\n\n<p><br>6.1.2 \u010de moramo izpolnjevati zakonsko obveznost<\/p>\n\n\n\n<p><br>6.1.3 ko obstaja na\u0161 legitimni interes:<\/p>\n\n\n\n<p><br>6.1.3.1 \u017eelimo izpolniti va\u0161a pri\u010dakovanja kot na\u0161a stranka in kupec<\/p>\n\n\n\n<p><br>6.1.4 kadar je to v interesu tretje osebe, kot so organizatorji, katerih dogodki imajo posebne pakete in ponudbe. Va\u0161e osebne podatke bomo obdelali, da bi izpolnili va\u0161a pri\u010dakovanja kot na\u0161a stranka in kupec.<\/p>\n\n\n\n<h2 class=\"wp-block-heading\">7. \u010ce nam ne posredujete osebnih podatkov<\/h2>\n\n\n\n<p><br>\u010ce nam ne posredujete dolo\u010denih zahtevanih podatkov, morda ne bo mogo\u010de da izpolnimo vse pogodbene obveznosti, vas obve\u0161\u010damo o spremembah glede dogodkov ali vas informiramo o za vas primernih dogodkih oziroma ponudbah.<\/p>\n\n\n\n<h2 class=\"wp-block-heading\">8. Sprememba namena<\/h2>\n\n\n\n<p><br>Prosimo upo\u0161tevajte, da lahko va\u0161e osebne podatke obdelujemo brez va\u0161e vednosti ali privolitve, \u010de je to zahtevano ali dovoljeno z zakonom, kot je npr. preiskava goljufij.<\/p>\n\n\n\n<h2 class=\"wp-block-heading\">9. Komu bomo posredovali va\u0161e osebne podatke in za kak\u0161en namen bodo uporabljeni?<\/h2>\n\n\n\n<p><br>9.1. Va\u0161e osebne podatke bomo posredovali naslednjim tretjim osebam:<\/p>\n\n\n\n<p><br>9.1.1 Organizatorjem, ki va\u0161e osebne podatke potrebujejo za zagotavljanje storitev (npr. posebne ponudbe, ki vklju\u010dujejo ve\u010d kot samo vstopnice \u2013 meet &amp; greet, prodaja promocijskega materiala, zgodnji vstop na prizori\u0161\u010de).<\/p>\n\n\n\n<p><br>9.1.2 V primerih ko tako zahteva zakon ali druge regulacije, bomo va\u0161e podatke posredovali dav\u010dnim, revizijskim ali drugim pristojnim organom.<\/p>\n\n\n\n<p><br>9.2 Vsi na\u0161i ponudniki storitev &#8211; tretje osebe in drugi subjekti v skupini Ceh za smeh d.o.o. morajo sprejeti ustrezne varnostne ukrepe za za\u0161\u010dito va\u0161ih osebnih podatkov v skladu z na\u0161imi politikami in GDPR. Na\u0161im ponudnikom storitev \u2013 tretjim osebam ne dovoljujemo, da va\u0161e osebne podatke uporabljajo za svoje namene.<\/p>\n\n\n\n<p><br>9.3 Kategorije teh prejemnikov in podatki o potrditvi se ne prena\u0161ajo izven EU.<\/p>\n\n\n\n<h2 class=\"wp-block-heading\">10. Kje obdelujemo va\u0161e osebne podatke?<\/h2>\n\n\n\n<p><br>10.1 Va\u0161e osebne podatke obdelujemo z ve\u010dimi postopki, za razli\u010dne namene (zagotavljanje storitev, npr. izpolnjevanje medsebojne pogodbe in v primerih, ko za to obstaja zakonit interes):<\/p>\n\n\n\n<p><br>10.1.1 na\u0161a centralna baza podatkov, ki se nahaja na varnih stre\u017enikih znotraj Ceh za smeh d.o.o skupine. Na na\u0161o zahtevo lahko do informacij iz podatkovnih baz dostopajo tudi podjetja na\u0161e skupine, da bi lahko izvedli dolo\u010dene dejavnosti obdelovanja podatkov (npr. izbris podatkov na va\u0161o zahtevo).<br><\/p>\n\n\n\n<h2 class=\"wp-block-heading\">11. Varnost podatkov<\/h2>\n\n\n\n<p><br>Uveljavili smo ustrezne varnostne ukrepe za prepre\u010devanje, da bi se va\u0161i osebni podatki pomotoma izgubili, zlorabili ali da bi se do njih dostopalo na nedovoljen na\u010din. Uveljavili smo postopke za u\u010dinkovito in pravo\u010dasno re\u0161evanje morebitnih sumov ali dejanske zlorabe va\u0161ih osebnih podatkov, pri \u010demer o tem obvestimo vas in lokalnega regulatorja za tak\u0161ne kr\u0161itve, kadar je to zakonsko dolo\u010deno.<\/p>\n\n\n\n<h2 class=\"wp-block-heading\">12. Hranjenje in izbris podatkov<\/h2>\n\n\n\n<p><br>Va\u0161e osebne podatke bomo hranili toliko \u010dasa, kolikor je potrebno za izpolnjevanje namenov, vklju\u010dno z namenom izpolnjevanja zakonskih zahtev.<\/p>\n\n\n\n<p><br>12.1 Za izpolnjevanje na\u0161ih storitev bomo va\u0161e osebne podatke (ime, priimek, naslov, kontakt) v na\u0161em glavnem sistemu hranili pet let od datuma zadnjega naro\u010dila. Nato bodo izbrisani.<\/p>\n\n\n\n<p><br>12.2 Za ra\u010dunovodske potrebe bomo na na\u0161em glavnem stre\u017eniku obdr\u017eali va\u0161e osebne podatke (ime, priimek, naslov, kontakt) deset let od datuma zadnjega naro\u010dila. Nato bodo izbrisani.<\/p>\n\n\n\n<p><br>12.3 Iz marketin\u0161kih razlogov bomo va\u0161e osebne podatke hranili pet let od datuma zadnjega naro\u010dila. \u010ce ste se prijavili na obve\u0161\u010danje, pa se bodo va\u0161i podatki hranili dokler se ne odjavite ali podate zahtevka o izbrisu osebnih podatkov.<\/p>\n\n\n\n<h2 class=\"wp-block-heading\">13. Va\u0161e pravice v zvezi z obdelavo va\u0161ih osebnih podatkov<\/h2>\n\n\n\n<p><br>13.1 Prosimo, da nas sproti obve\u0161\u010date o vseh spremembah glede va\u0161ih osebnih podatkov.<br>Pomembno je, da so osebni podatki, ki jih imamo o vas to\u010dni in posodobljeni. \u010ce nam sprememb va\u0161ih osebnih podatkov ne javljate sproti, lahko to povzro\u010di, da dolo\u010dena storitev ne bo zagotovljena. Na primer, \u010de nas ne obvestite o spremembi va\u0161ega naslova, morda ne boste prejeli vstopnic.<\/p>\n\n\n\n<p><br>13.2 Imate pravico biti obve\u0161\u010den o tem, na kak\u0161en na\u010din upravljamo z va\u0161imi osebnimi podatki. V primeru sprememb glede upravljanja z osebnimi podatki, vam posredujemo posodobljeno razli\u010dico te politike zasebnosti.<\/p>\n\n\n\n<p><br>13.3 Imate pravico, da ugovarjate obdelavi va\u0161ih osebnih podatkov.<\/p>\n\n\n\n<p><br>13.4 Imate pravico zahtevati dostop do va\u0161ih osebnih podatkov in preveriti, ali jih obdelujemo nazakonit na\u010din.<\/p>\n\n\n\n<p><br>13.5 Imate pravico zahtevati, da popravimo in dopolnimo vse nepravilne ali nepopolne podatke povezane z vami.<\/p>\n\n\n\n<p><br>13.6 Imate pravico zahtevati, da va\u0161e osebne podatke izbri\u0161emo. \u010ce nas zaprosite, da izbri\u0161emo va\u0161e osebne podatke, lahko \u0161e vedno uporabljate na\u0161e storitve kot gost. Na \u017ealost vam pri tem na\u010dinu ne bodo omogo\u010dene popolne storitve, kot na primer po\u0161iljanje pomembnih informacij o dogodku (sprememba kraja ali datuma, odpoved dogodka) ali informacije o novih in zanimivih dogodkih ter ponudbah.<\/p>\n\n\n\n<p><br>13.7 Imate pravico do omejitve obdelave podatkov, ki temelji na na\u0161ih zakonitih interesih ter za namene neposrednega tr\u017eenja. Va\u0161ih osebnih podatkov ne bomo mogli ve\u010d obdelovati na podlagi zakonitih interesov, kar pomeni, da boste morda zamudili nove ponudbe in dogodke.<\/p>\n\n\n\n<p><br>13.8 \u010ce \u017eelite uveljavljati svoje pravice, se prosimo obrnite na&nbsp;tesky@cehzasmeh.si<\/p>\n\n\n\n<p><br>13.9 Od vas bomo potrebovali specifi\u010dne podatke, ki nam bodo v pomo\u010d pri potrditvi va\u0161e identitete, da vam bomo lahko zagotovili dostop do informacij (ali uveljavljati katerokoli od va\u0161ih drugih pravic, kjer bo potrebno preveriti va\u0161o identiteto).<\/p>\n\n\n\n<h2 class=\"wp-block-heading\">14. Spremembe politike zasebnosti<\/h2>\n\n\n\n<p><br>Pridr\u017eujemo si pravico, da lahko kadarkoli posodobimo politiko zasebnosti in vas o tem tudi obvestimo. Prosimo upo\u0161tevajte, da vam bodo vse spremembe posredovane.<\/p>\n\n\n\n<p>Pi\u0161ite nam<br>\u010ce imate kakr\u0161nakoli vpra\u0161anja povezana s politiko zasebnosti, nas kontaktirajte<br>na\u00a0<a href=\"mailto:tesky@cehzasmeh.si\">tesky@cehzasmeh.si<\/a>. \u010ce menite, da obdelava va\u0161ih osebnih podatkov kr\u0161i veljavne predpise o zasebnosti podatkov (GDPR), imate pravico vlo\u017eiti prito\u017ebo pri lokalnem regulatorju.<\/p>\n","protected":false},"excerpt":{"rendered":"<p>Kdo smo?Ceh za smeh d.o.o. je agencije za gledali\u0161ke, glasbene in sorodne dejavnosti, trgovino, gostinstvo in promet. Podjetje je registrirano na naslovu Muljava 1A, 1295 Ivan\u010dna Gorica. Ceh za smeh d.o.o. je upravljalec va\u0161ih osebnih podatkov. Kontaktirate nas lahko preko elektronske po\u0161te: tesky@cehzasmeh.si ali telefonske \u0161tevilke: 040 665 576. 1. Namen tega dokumenta 1.1 V<a class=\"more-link\" href=\"https:\/\/festivalstandupkomedije.si\/?page_id=3\">Continue reading <span class=\"screen-reader-text\">&#8220;Politika zasebnosti in pogoji poslovanja&#8221;<\/span><\/a><\/p>\n","protected":false},"author":1,"featured_media":0,"parent":0,"menu_order":0,"comment_status":"closed","ping_status":"open","template":"","meta":{"footnotes":""},"class_list":["post-3","page","type-page","status-publish","hentry","entry"],"_links":{"self":[{"href":"https:\/\/festivalstandupkomedije.si\/index.php?rest_route=\/wp\/v2\/pages\/3","targetHints":{"allow":["GET"]}}],"collection":[{"href":"https:\/\/festivalstandupkomedije.si\/index.php?rest_route=\/wp\/v2\/pages"}],"about":[{"href":"https:\/\/festivalstandupkomedije.si\/index.php?rest_route=\/wp\/v2\/types\/page"}],"author":[{"embeddable":true,"href":"https:\/\/festivalstandupkomedije.si\/index.php?rest_route=\/wp\/v2\/users\/1"}],"replies":[{"embeddable":true,"href":"https:\/\/festivalstandupkomedije.si\/index.php?rest_route=%2Fwp%2Fv2%2Fcomments&post=3"}],"version-history":[{"count":4,"href":"https:\/\/festivalstandupkomedije.si\/index.php?rest_route=\/wp\/v2\/pages\/3\/revisions"}],"predecessor-version":[{"id":554,"href":"https:\/\/festivalstandupkomedije.si\/index.php?rest_route=\/wp\/v2\/pages\/3\/revisions\/554"}],"wp:attachment":[{"href":"https:\/\/festivalstandupkomedije.si\/index.php?rest_route=%2Fwp%2Fv2%2Fmedia&parent=3"}],"curies":[{"name":"wp","href":"https:\/\/api.w.org\/{rel}","templated":true}]}}