{"id":354,"date":"2021-11-15T15:39:49","date_gmt":"2021-11-15T14:39:49","guid":{"rendered":"https:\/\/festivalstandupkomedije.si\/?page_id=73"},"modified":"2025-08-04T19:48:18","modified_gmt":"2025-08-04T19:48:18","slug":"faq","status":"publish","type":"page","link":"https:\/\/festivalstandupkomedije.si\/?page_id=354","title":{"rendered":"FAQ \/ Kako Pan\u010dat?"},"content":{"rendered":"\n<p class=\"has-text-align-center has-text-color\" style=\"color:#3f542e\">Jah jah jah &#8230; \u010de po tem, ko pregleda\u0161 spodnja vpra\u0161anja \u0161e vedno kaj ostane nejasno, nas lahko povpra\u0161a\u0161 na elektronskem naslovu info[at]festivalstandupkomedije.si.<\/p>\n\n\n\n<p><\/p>\n\n\n\n<p class=\"has-text-color\" style=\"color:#3f542e\"><strong>Kdaj je letos Pan\u010d?<\/strong><br>V letu 2025 se Pan\u010d odvija \u017ee 18. leto in sicer poteka od 21. \u2013 25. avgusta,<strong> s pri\u010detkom ob 21:00<\/strong>. Vrata odpiramo ob 19:30. Program traja vsak ve\u010der do pribli\u017eno 23:00.<\/p>\n\n\n\n<p class=\"has-text-color\" style=\"color:#3f542e\"><strong>Kje je letos Pan\u010d?<\/strong><br>Kot \u017ee od vekomaj, se tudi letos Pan\u010d odvija na Ljubljanskem gradu (www.ljubljanskigrad.si). Razen seveda v primeru slabega vremena.<\/p>\n\n\n\n<p class=\"has-text-color\" style=\"color:#3f542e\"><strong>Kaj pa, \u010de bo de\u017e?<\/strong><br>V primeru de\u017eja se prizori\u0161\u010de festivala seli v notranje prostore. Najpogosteje je to <a href=\"https:\/\/www.google.com\/maps\/place\/Ljubljana+Festival+Hall\/@46.0610376,14.5069153,17z\/data=!3m1!4b1!4m6!3m5!1s0x4765329a2f1d2f09:0xa956e95b47d4c135!8m2!3d46.0610376!4d14.5094902!16s%2Fg%2F11gf0jlxpn?entry=ttu\">Festivalna dvorana na Vilharjevi cesti 11<\/a>.<\/p>\n\n\n\n<p class=\"has-text-color\" style=\"color:#3f542e\"><strong>Kako vem, \u010de bo de\u017e?<\/strong><br>\u010ce vas trga v levem kolenu bo sigurno. Druga\u010de pa preverite vremensko napoved in spremljajte na\u0161o <a href=\"https:\/\/www.facebook.com\/festivalpanc\" data-type=\"URL\" data-id=\"https:\/\/www.facebook.com\/festivalpanc\">Facebook stran<\/a> ali <a href=\"http:\/\/www.instagram.com\/pancfestival\" target=\"_blank\" rel=\"noreferrer noopener\">Instagram<\/a>, kjer vas bomo pravo\u010dasno obvestili o spremembi lokacije.<\/p>\n\n\n\n<p class=\"has-text-color\" style=\"color:#3f542e\"><strong>Kako pridem na grad?<\/strong><br>Na grad vodijo \u0161tevilne poti, po katerikoli poti bo v redu. Lahko pridete z kolesom, avtom (parkirna mesta so zelo omejena in stanejo pribli\u017eno 2,20 EUR na uro), <a href=\"https:\/\/www.ljubljanskigrad.si\/sl\/nacrtovanje-obiska\/vzpenjaca\/\" target=\"_blank\" rel=\"noreferrer noopener\">z vzpenja\u010do<\/a> oziroma z vlakcem, po novem pa letos tudi s \u0161atlom (busom), ki bo pred dogodkom vozil na grad s Krekovega trga. Najbolje pa je, da si ogrejete smejalne mi\u0161ice tako, da pridete kar pe\u0161. Tako vzepnja\u010da kot \u0161atl sta v \u010dasu festivala dostopna po ugodni ceni 4,5 EUR (obe smeri) in vozita do 23:30 ure.<\/p>\n\n\n\n<p class=\"has-text-color\" style=\"color:#3f542e\"><strong>Kateri dan bo pa najbolj\u0161i?<\/strong><br>Hmm, vsi! Sme\u0161nost smo enakovredno porazdelili po dnevih. Program bo objavljen kmalu!<\/p>\n\n\n\n<p class=\"has-text-color\" style=\"color:#3f542e\"><strong>Kje lahko kupim vstopnice?<\/strong><br>Vstopnice za Pan\u010d lahko naro\u010di\u0161 kar direktno pri nas na spletni strani <a href=\"https:\/\/vstopnice.panc.si\/\" target=\"_blank\" rel=\"noreferrer noopener\">VSTOPNICE<\/a> ali na samem kraju dogodka.In mimogrede, ponudba je nadstandardna. \ud83d\ude42<\/p>\n\n\n\n<p class=\"has-text-color\" style=\"color:#3f542e\"><strong>Lahko vstopnice kupim tudi na kraju dogodka?<\/strong><br>Seveda, nakup vstopnic lahko opravite tudi na blagajni na dan dogodka, v kolikor ve\u010der ni razprodan \u017ee v predprodaji. Cena vstopnic na vratih je nekoliko dra\u017eja od tiste v predprodaji. <\/p>\n\n\n\n<p><strong>Kje lahko kupim gurmanske vstopnice?<\/strong><br>Za gurmanske vstopnice nam pi\u0161ite na info[at]festivalstandupkomedije.si in poslali vam bomo navodila za nakup. \u010ce \u017eelite svoje \u017ee kupljene vstopnice nadgraditi z gurmansko ve\u010derjo, nam to sporo\u010dite in pripi\u0161ite \u0161tevilko svojih vstopnic, ki jih \u017eelite nadgraditi.<\/p>\n\n\n\n<p>Vas zanima gurmanski meni, ki ga Gostilna na Gradu pripravlja samo za Pan\u010deve gurmane? <a href=\"https:\/\/festivalstandupkomedije.si\/?page_id=1887\" data-type=\"page\" data-id=\"1887\">TUKAJ<\/a> je meni za letos.  <\/p>\n\n\n\n<p class=\"has-text-color\" style=\"color:#3f542e\"><strong>Ob kateri uri se za\u010dne?<\/strong><br>Za\u010dne se ob 21:00 uri, seveda pa je dobrodo\u0161lo, da pridete malo prej. Vrata odpiramo \u017ee ob 19:30. \u010ce ste kupili gurmanske vstopnice, lahko pridete na ve\u010derjo med 19. in 20. uro. Program na odru traja ponavadi do 23:00 ure.<\/p>\n\n\n\n<p class=\"has-text-color\" style=\"color:#3f542e\"><strong>Kdo nastopa letos?<\/strong><br>Kot vsako leto smo tudi letos zbrali ven\u010dek na\u0161ih in tujih komikov. Program je objavljen <a href=\"https:\/\/festivalstandupkomedije.si\/?p=890\" target=\"_blank\" rel=\"noreferrer noopener\">TUKAJ.<\/a><\/p>\n\n\n\n<p class=\"has-text-color\" style=\"color:#3f542e\"><strong>V katerem jeziku bo program?<\/strong><br>Komiki nastopajo v slovenskem, srbo-hrva\u0161kem in angle\u0161kem jeziku, pri \u010demer so trije ve\u010deri povsem slovenski, eden je angle\u0161ki in eden je srbo-hrva\u0161ki.<\/p>\n\n\n\n<p class=\"has-text-color\" style=\"color:#3f542e\"><strong>Lahko na Pan\u010d pripeljem psa?<\/strong><br>Psi so dobrodo\u0161li, vendar morajo biti na povodcu. Prosimo, da \u0161e zlasti v \u010dasu nastopov poskrbite, da je va\u0161emu psu udobno in da ne moti drugih. Prosimo tudi, da za svojim psom po\u010distite.<\/p>\n\n\n\n<p class=\"has-text-color\" style=\"color:#3f542e\"><strong>Kaj pa otroci?<\/strong><br>Pan\u010d je v osnovi in v izraznem repertoarju namenjen obiskovalcem starej\u0161im od 16 let. Mlaj\u0161i se, v spremstvu star\u0161a ali zakonitega zastopnika, predstave lahko udele\u017eijo.<\/p>\n\n\n\n<p class=\"has-text-color\" style=\"color:#3f542e\"><strong>Za ve\u010d informacij:<\/strong><br>Spremljajte na\u0161 profil na <a href=\"http:\/\/www.facebook.com\/festivalpanc\" data-type=\"URL\" data-id=\"www.facebook.com\/festivalpanc\">Facebooku<\/a> in <a rel=\"noreferrer noopener\" href=\"http:\/\/www.instagram.com\/pancfestival\" target=\"_blank\">Instagramu<\/a> ali pa nam pi\u0161ite na info[at]festivalstandupkomedije.si<\/p>\n\n\n\n<p><strong>Rezidenco festivala Pan\u010d podpira European Festival Fund for Emerging Artists \u2013 EFFEA, pobuda Evropskega zdru\u017eenja festivalov (EFA), sofinancirana s strani Evropske unije.<\/strong><\/p>\n","protected":false},"excerpt":{"rendered":"<p>Jah jah jah &#8230; \u010de po tem, ko pregleda\u0161 spodnja vpra\u0161anja \u0161e vedno kaj ostane nejasno, nas lahko povpra\u0161a\u0161 na elektronskem naslovu info[at]festivalstandupkomedije.si. Kdaj je letos Pan\u010d?V letu 2025 se Pan\u010d odvija \u017ee 18. leto in sicer poteka od 21. \u2013 25. avgusta, s pri\u010detkom ob 21:00. Vrata odpiramo ob 19:30. Program traja vsak ve\u010der<a class=\"more-link\" href=\"https:\/\/festivalstandupkomedije.si\/?page_id=354\">Continue reading <span class=\"screen-reader-text\">&#8220;FAQ \/ Kako Pan\u010dat?&#8221;<\/span><\/a><\/p>\n","protected":false},"author":3,"featured_media":0,"parent":86,"menu_order":5,"comment_status":"closed","ping_status":"closed","template":"","meta":{"footnotes":""},"class_list":["post-354","page","type-page","status-publish","hentry","entry"],"_links":{"self":[{"href":"https:\/\/festivalstandupkomedije.si\/index.php?rest_route=\/wp\/v2\/pages\/354","targetHints":{"allow":["GET"]}}],"collection":[{"href":"https:\/\/festivalstandupkomedije.si\/index.php?rest_route=\/wp\/v2\/pages"}],"about":[{"href":"https:\/\/festivalstandupkomedije.si\/index.php?rest_route=\/wp\/v2\/types\/page"}],"author":[{"embeddable":true,"href":"https:\/\/festivalstandupkomedije.si\/index.php?rest_route=\/wp\/v2\/users\/3"}],"replies":[{"embeddable":true,"href":"https:\/\/festivalstandupkomedije.si\/index.php?rest_route=%2Fwp%2Fv2%2Fcomments&post=354"}],"version-history":[{"count":22,"href":"https:\/\/festivalstandupkomedije.si\/index.php?rest_route=\/wp\/v2\/pages\/354\/revisions"}],"predecessor-version":[{"id":2180,"href":"https:\/\/festivalstandupkomedije.si\/index.php?rest_route=\/wp\/v2\/pages\/354\/revisions\/2180"}],"up":[{"embeddable":true,"href":"https:\/\/festivalstandupkomedije.si\/index.php?rest_route=\/wp\/v2\/pages\/86"}],"wp:attachment":[{"href":"https:\/\/festivalstandupkomedije.si\/index.php?rest_route=%2Fwp%2Fv2%2Fmedia&parent=354"}],"curies":[{"name":"wp","href":"https:\/\/api.w.org\/{rel}","templated":true}]}}