{"id":69,"date":"2021-11-15T16:00:15","date_gmt":"2021-11-15T15:00:15","guid":{"rendered":"https:\/\/festivalstandupkomedije.si\/?page_id=69"},"modified":"2025-05-05T20:17:04","modified_gmt":"2025-05-05T20:17:04","slug":"prizorisce","status":"publish","type":"page","link":"https:\/\/festivalstandupkomedije.si\/?page_id=69","title":{"rendered":"PRIZORI\u0160\u010cE"},"content":{"rendered":"\n<p>Prizori\u0161\u010de festivala Pan\u010d je vsa leta dvori\u0161\u010de ljubljanskega gradu, ki sprejme do 1000 gledalcev.  Naslov: Grajska planota 1, Ljubljana. Vrata na prizori\u0161\u010de se odpro 1 uro pred pri\u010detkom.<\/p>\n\n\n<div class=\"wp-block-image\">\n<figure class=\"aligncenter size-large\"><img loading=\"lazy\" decoding=\"async\" width=\"1024\" height=\"683\" src=\"https:\/\/festivalstandupkomedije.si\/wp-content\/uploads\/2023\/04\/22504X-1859-1024x683.jpg\" alt=\"\" class=\"wp-image-877\" srcset=\"https:\/\/festivalstandupkomedije.si\/wp-content\/uploads\/2023\/04\/22504X-1859-1024x683.jpg 1024w, https:\/\/festivalstandupkomedije.si\/wp-content\/uploads\/2023\/04\/22504X-1859-300x200.jpg 300w, https:\/\/festivalstandupkomedije.si\/wp-content\/uploads\/2023\/04\/22504X-1859-768x512.jpg 768w, https:\/\/festivalstandupkomedije.si\/wp-content\/uploads\/2023\/04\/22504X-1859-1536x1024.jpg 1536w, https:\/\/festivalstandupkomedije.si\/wp-content\/uploads\/2023\/04\/22504X-1859-2048x1365.jpg 2048w, https:\/\/festivalstandupkomedije.si\/wp-content\/uploads\/2023\/04\/22504X-1859-1568x1045.jpg 1568w\" sizes=\"auto, (max-width: 1024px) 100vw, 1024px\" \/><figcaption class=\"wp-element-caption\">Dvori\u0161\u010de ljubljanskega gradu &#8211; Grajska planota 1, Ljubljana<\/figcaption><\/figure>\n<\/div>\n\n\n<p>Do prizori\u0161\u010da lahko dostopate pe\u0161, s kolesom, <a href=\"https:\/\/www.ljubljanskigrad.si\/sl\/nacrtovanje-obiska\/vzpenjaca\/\" target=\"_blank\" rel=\"noreferrer noopener\">z vzpenja\u010do<\/a>, <a href=\"https:\/\/www.lpp.si\/urban\" target=\"_blank\" rel=\"noreferrer noopener\">z vlakcem<\/a> ali<strong> po novem tudi s \u0161atlom (busom)<\/strong>, ki bo, zaradi novega re\u017eima parkiranja, vozil na prizori\u0161\u010de s Krekovega trga. Prizori\u0161\u010de je \u0161e vedno dostopno z avtomobilom, vendar parkiranje na plo\u010dniku po novem <strong>NI VE\u010c MOGO\u010cE<\/strong>, <strong>\u0161tevilo parkirnih mest pa je zelo omejeno<\/strong> in stane pribli\u017eno 2,20 EUR na uro, zato priporo\u010damo izbor katerega izmed alternativnih dostopov.<\/p>\n\n\n\n<p>V primeru de\u017eja se prizori\u0161\u010de festivala seli v notranje prostore. Najpogosteje je to Festivalna dvorana na Vilharjevi cesti 11 ali Odiseja v BTC (biv\u0161i Kolosej). O aktualnem prizori\u0161\u010du vas bomo obvestili na dan dogodka na prvi strani te spletne strani ter na <a href=\"https:\/\/www.facebook.com\/festivalpanc\" target=\"_blank\" rel=\"noreferrer noopener\">Pan\u010devi facebook strani<\/a>.<\/p>\n\n\n\n<figure class=\"wp-block-image size-large\"><img loading=\"lazy\" decoding=\"async\" width=\"2048\" height=\"1366\" src=\"https:\/\/festivalstandupkomedije.si\/wp-content\/uploads\/2021\/11\/240142452_10158450783435838_8924809745660786577_n-1.jpg?w=1024\" alt=\"\" class=\"wp-image-184\" srcset=\"https:\/\/festivalstandupkomedije.si\/wp-content\/uploads\/2021\/11\/240142452_10158450783435838_8924809745660786577_n-1.jpg 2048w, https:\/\/festivalstandupkomedije.si\/wp-content\/uploads\/2021\/11\/240142452_10158450783435838_8924809745660786577_n-1-300x200.jpg 300w, https:\/\/festivalstandupkomedije.si\/wp-content\/uploads\/2021\/11\/240142452_10158450783435838_8924809745660786577_n-1-1024x683.jpg 1024w, https:\/\/festivalstandupkomedije.si\/wp-content\/uploads\/2021\/11\/240142452_10158450783435838_8924809745660786577_n-1-768x512.jpg 768w, https:\/\/festivalstandupkomedije.si\/wp-content\/uploads\/2021\/11\/240142452_10158450783435838_8924809745660786577_n-1-1536x1025.jpg 1536w\" sizes=\"auto, (max-width: 2048px) 100vw, 2048px\" \/><figcaption class=\"wp-element-caption\">Festivalna dvorana &#8211; Pionirski dom, Vilharjeva 11, Ljubljana<\/figcaption><\/figure>\n","protected":false},"excerpt":{"rendered":"<p>Prizori\u0161\u010de festivala Pan\u010d je vsa leta dvori\u0161\u010de ljubljanskega gradu, ki sprejme do 1000 gledalcev. Naslov: Grajska planota 1, Ljubljana. Vrata na prizori\u0161\u010de se odpro 1 uro pred pri\u010detkom. Do prizori\u0161\u010da lahko dostopate pe\u0161, s kolesom, z vzpenja\u010do, z vlakcem ali po novem tudi s \u0161atlom (busom), ki bo, zaradi novega re\u017eima parkiranja, vozil na prizori\u0161\u010de<a class=\"more-link\" href=\"https:\/\/festivalstandupkomedije.si\/?page_id=69\">Continue reading <span class=\"screen-reader-text\">&#8220;PRIZORI\u0160\u010cE&#8221;<\/span><\/a><\/p>\n","protected":false},"author":3,"featured_media":0,"parent":86,"menu_order":1,"comment_status":"closed","ping_status":"closed","template":"","meta":{"footnotes":""},"class_list":["post-69","page","type-page","status-publish","hentry","entry"],"_links":{"self":[{"href":"https:\/\/festivalstandupkomedije.si\/index.php?rest_route=\/wp\/v2\/pages\/69","targetHints":{"allow":["GET"]}}],"collection":[{"href":"https:\/\/festivalstandupkomedije.si\/index.php?rest_route=\/wp\/v2\/pages"}],"about":[{"href":"https:\/\/festivalstandupkomedije.si\/index.php?rest_route=\/wp\/v2\/types\/page"}],"author":[{"embeddable":true,"href":"https:\/\/festivalstandupkomedije.si\/index.php?rest_route=\/wp\/v2\/users\/3"}],"replies":[{"embeddable":true,"href":"https:\/\/festivalstandupkomedije.si\/index.php?rest_route=%2Fwp%2Fv2%2Fcomments&post=69"}],"version-history":[{"count":5,"href":"https:\/\/festivalstandupkomedije.si\/index.php?rest_route=\/wp\/v2\/pages\/69\/revisions"}],"predecessor-version":[{"id":2054,"href":"https:\/\/festivalstandupkomedije.si\/index.php?rest_route=\/wp\/v2\/pages\/69\/revisions\/2054"}],"up":[{"embeddable":true,"href":"https:\/\/festivalstandupkomedije.si\/index.php?rest_route=\/wp\/v2\/pages\/86"}],"wp:attachment":[{"href":"https:\/\/festivalstandupkomedije.si\/index.php?rest_route=%2Fwp%2Fv2%2Fmedia&parent=69"}],"curies":[{"name":"wp","href":"https:\/\/api.w.org\/{rel}","templated":true}]}}